{"id":972,"date":"2024-10-25T15:15:40","date_gmt":"2024-10-25T15:15:40","guid":{"rendered":"https:\/\/blackcats.com.ar\/?page_id=972"},"modified":"2024-10-25T15:16:01","modified_gmt":"2024-10-25T15:16:01","slug":"recursos","status":"publish","type":"page","link":"https:\/\/blackcats.com.ar\/es\/recursos\/","title":{"rendered":"Recursos"},"content":{"rendered":"<div data-elementor-type=\"wp-page\" data-elementor-id=\"972\" class=\"elementor elementor-972\" data-elementor-post-type=\"page\">\n\t\t\t\t<div data-particle_enable=\"false\" data-particle-mobile-disabled=\"false\" class=\"elementor-element elementor-element-494d32f e-con-full e-flex e-con e-parent\" data-id=\"494d32f\" data-element_type=\"container\" data-e-type=\"container\" data-settings=\"{&quot;background_background&quot;:&quot;classic&quot;}\">\n\t\t\t\t<\/div>\n\t\t<div data-particle_enable=\"false\" data-particle-mobile-disabled=\"false\" class=\"elementor-element elementor-element-89db4dd e-flex e-con-boxed e-con e-parent\" data-id=\"89db4dd\" data-element_type=\"container\" data-e-type=\"container\">\n\t\t\t\t\t<div class=\"e-con-inner\">\n\t\t\t\t<div class=\"elementor-element elementor-element-98523b8 elementor-widget elementor-widget-heading\" data-id=\"98523b8\" data-element_type=\"widget\" data-e-type=\"widget\" data-widget_type=\"heading.default\">\n\t\t\t\t<div class=\"elementor-widget-container\">\n\t\t\t\t\t<h2 class=\"elementor-heading-title elementor-size-default\">recursos<\/h2>\t\t\t\t<\/div>\n\t\t\t\t<\/div>\n\t\t\t\t<div class=\"elementor-element elementor-element-3d682b9 elementor-widget-divider--view-line elementor-widget elementor-widget-divider\" data-id=\"3d682b9\" data-element_type=\"widget\" data-e-type=\"widget\" data-widget_type=\"divider.default\">\n\t\t\t\t<div class=\"elementor-widget-container\">\n\t\t\t\t\t\t\t<div class=\"elementor-divider\">\n\t\t\t<span class=\"elementor-divider-separator\">\n\t\t\t\t\t\t<\/span>\n\t\t<\/div>\n\t\t\t\t\t\t<\/div>\n\t\t\t\t<\/div>\n\t\t\t\t<div class=\"elementor-element elementor-element-cb73c38 elementor-widget__width-initial elementor-widget elementor-widget-text-editor\" data-id=\"cb73c38\" data-element_type=\"widget\" data-e-type=\"widget\" data-widget_type=\"text-editor.default\">\n\t\t\t\t<div class=\"elementor-widget-container\">\n\t\t\t\t\t\t\t\t\t<p>Bienvenido a nuestra secci\u00f3n de Recursos, donde encontrar\u00e1s una colecci\u00f3n de herramientas, trucos y ejemplos pr\u00e1cticos para llevar tus proyectos de dise\u00f1o web al siguiente nivel. Desde animaciones y efectos visuales hasta funciones espec\u00edficas que mejoran la experiencia del usuario, estos recursos te ayudar\u00e1n a implementar soluciones creativas y eficientes en tus sitios web. \u00a1Explora y descubre nuevas formas de enriquecer tus habilidades de desarrollo y dise\u00f1o!<\/p>\t\t\t\t\t\t\t\t<\/div>\n\t\t\t\t<\/div>\n\t\t\t\t\t<\/div>\n\t\t\t\t<\/div>\n\t\t\t\t<\/div>","protected":false},"excerpt":{"rendered":"<p>recursos Bienvenido a nuestra secci\u00f3n de Recursos, donde encontrar\u00e1s una colecci\u00f3n de herramientas, trucos y ejemplos pr\u00e1cticos para llevar tus proyectos de dise\u00f1o web al siguiente nivel. Desde animaciones y efectos visuales hasta funciones espec\u00edficas que mejoran la experiencia del usuario, estos recursos te ayudar\u00e1n a implementar soluciones creativas y eficientes en tus sitios web. [&hellip;]<\/p>\n","protected":false},"author":1,"featured_media":0,"parent":0,"menu_order":0,"comment_status":"closed","ping_status":"closed","template":"elementor_header_footer","meta":{"_acf_changed":false,"footnotes":""},"class_list":["post-972","page","type-page","status-publish","hentry"],"acf":[],"_links":{"self":[{"href":"https:\/\/blackcats.com.ar\/es\/wp-json\/wp\/v2\/pages\/972","targetHints":{"allow":["GET"]}}],"collection":[{"href":"https:\/\/blackcats.com.ar\/es\/wp-json\/wp\/v2\/pages"}],"about":[{"href":"https:\/\/blackcats.com.ar\/es\/wp-json\/wp\/v2\/types\/page"}],"author":[{"embeddable":true,"href":"https:\/\/blackcats.com.ar\/es\/wp-json\/wp\/v2\/users\/1"}],"replies":[{"embeddable":true,"href":"https:\/\/blackcats.com.ar\/es\/wp-json\/wp\/v2\/comments?post=972"}],"version-history":[{"count":7,"href":"https:\/\/blackcats.com.ar\/es\/wp-json\/wp\/v2\/pages\/972\/revisions"}],"predecessor-version":[{"id":979,"href":"https:\/\/blackcats.com.ar\/es\/wp-json\/wp\/v2\/pages\/972\/revisions\/979"}],"wp:attachment":[{"href":"https:\/\/blackcats.com.ar\/es\/wp-json\/wp\/v2\/media?parent=972"}],"curies":[{"name":"wp","href":"https:\/\/api.w.org\/{rel}","templated":true}]}}